{"id":4303,"date":"2021-03-21T18:23:50","date_gmt":"2021-03-21T18:23:50","guid":{"rendered":"https:\/\/amor-pequenino.pt\/?page_id=4303"},"modified":"2021-03-22T17:25:29","modified_gmt":"2021-03-22T17:25:29","slug":"clinica","status":"publish","type":"page","link":"https:\/\/amor-pequenino.pt\/index.php\/clinica\/","title":{"rendered":"Cl\u00ednica"},"content":{"rendered":"<p>[vc_row css=&#8221;.vc_custom_1616350678780{padding-top: 180px !important;}&#8221;][vc_column width=&#8221;2\/3&#8243;]<style>.ld_fancy_heading_6a007455c6270 h4{font-family:Quicksand!important;font-weight:300!important;font-style:normal!important;color:rgb(112, 187, 180);}.ld_fancy_heading_6a007455c6270 .lqd-highlight-inner{height:0.275em;bottom:0px;}<\/style><div class=\"ld-fancy-heading text-justified ld_fancy_heading_6a007455c6270\">\n\t<h4 class=\"lqd-highlight-underline lqd-highlight-grow-left\" data-fittext=\"true\" data-fittext-options='{\"compressor\":1,\"maxFontSize\":\"currentFontSize\",\"minFontSize\":\"\"}' data-split-text=\"true\" data-custom-animations=\"true\" data-ca-options='{\"triggerHandler\":\"inview\",\"animationTarget\":\".lqd-words .split-inner\",\"duration\":700,\"delay\":100,\"easing\":\"easeOutQuint\",\"direction\":\"forward\",\"initValues\":{\"scale\":1},\"animations\":{\"scale\":1}}' data-split-options='{\"type\":\"words\"}'><span class=\"ld-fh-txt\"> A parentalidade traz desafios fabulosos, que fazem o adulto evoluir, mas que podem tornar-se mais f\u00e1ceis de ultrapassar com ajuda adequada.<br \/>\nEstamos aqui para as crian\u00e7as e para as fam\u00edlias. Podemos estar presentes em todo processo de parentalidade, desde a conce\u00e7\u00e3o da crian\u00e7a at\u00e9 \u00e0 idade adulta.<\/span><\/h4><\/div>[\/vc_column][vc_column width=&#8221;1\/3&#8243;][vc_single_image image=&#8221;4391&#8243; img_size=&#8221;medium&#8221; alignment=&#8221;center&#8221; css_animation=&#8221;fadeInRight&#8221;][\/vc_column][\/vc_row][vc_row css=&#8221;.vc_custom_1616423636030{padding-top: 15px !important;padding-bottom: 60px !important;}&#8221;][vc_column width=&#8221;1\/3&#8243;][\/vc_column][vc_column width=&#8221;1\/3&#8243;]<style>.ld_button_6a007455c7232.btn-icon-solid:hover .btn-icon{background:rgb(255, 255, 255);}.ld_button_6a007455c7232:hover{background-color:rgb(255, 255, 255);border-color:rgb(255, 255, 255);color:rgb(0, 0, 0);}.ld_button_6a007455c7232 .btn-gradient-bg-hover{background:-webkit-linear-gradient(to right, rgb(255, 255, 255) 0%, rgb(255, 255, 255) 100%);background:linear-gradient(to right, rgb(255, 255, 255) 0%, rgb(255, 255, 255) 100%);}.ld_button_6a007455c7232:hover .btn-gradient-border defs stop:first-child{stop-color:rgb(255, 255, 255);}.ld_button_6a007455c7232:hover .btn-gradient-border defs stop:last-child{stop-color:rgb(255, 255, 255);}.ld_button_6a007455c7232{color:rgb(0, 0, 0);}<\/style><a href=\"https:\/\/amor-pequenino.pt\/index.php\/marcacao-consulta\/\" title=\"Marca\u00e7\u00e3o de consulta\" class=\"btn btn-solid text-uppercase semi-round btn-bordered border-thin ld_button_6a007455c7232 vc_custom_1616361614796\">\n\t<span>\n\t\t\n\t\t\t\t\t<span class=\"btn-txt\">Marca\u00e7\u00f5es<\/span>\n\t\t\t\n\t\t\t\t<\/span>\n<\/a>\n[\/vc_column][vc_column width=&#8221;1\/3&#8243;][\/vc_column][\/vc_row]<\/p>\n","protected":false},"excerpt":{"rendered":"<p>[vc_row css=&#8221;.vc_custom_1616350678780{padding-top: 180px !important;}&#8221;][vc_column width=&#8221;2\/3&#8243;][\/vc_column][vc_column width=&#8221;1\/3&#8243;][vc_single_image image=&#8221;4391&#8243; img_size=&#8221;medium&#8221; alignment=&#8221;center&#8221; css_animation=&#8221;fadeInRight&#8221;][\/vc_column][\/vc_row][vc_row css=&#8221;.vc_custom_1616423636030{padding-top: 15px !important;padding-bottom: 60px !important;}&#8221;][vc_column&#8230;<\/p>\n","protected":false},"author":2,"featured_media":0,"parent":0,"menu_order":0,"comment_status":"closed","ping_status":"closed","template":"","meta":{"footnotes":""},"class_list":["post-4303","page","type-page","status-publish","hentry"],"_links":{"self":[{"href":"https:\/\/amor-pequenino.pt\/index.php\/wp-json\/wp\/v2\/pages\/4303","targetHints":{"allow":["GET"]}}],"collection":[{"href":"https:\/\/amor-pequenino.pt\/index.php\/wp-json\/wp\/v2\/pages"}],"about":[{"href":"https:\/\/amor-pequenino.pt\/index.php\/wp-json\/wp\/v2\/types\/page"}],"author":[{"embeddable":true,"href":"https:\/\/amor-pequenino.pt\/index.php\/wp-json\/wp\/v2\/users\/2"}],"replies":[{"embeddable":true,"href":"https:\/\/amor-pequenino.pt\/index.php\/wp-json\/wp\/v2\/comments?post=4303"}],"version-history":[{"count":11,"href":"https:\/\/amor-pequenino.pt\/index.php\/wp-json\/wp\/v2\/pages\/4303\/revisions"}],"predecessor-version":[{"id":4404,"href":"https:\/\/amor-pequenino.pt\/index.php\/wp-json\/wp\/v2\/pages\/4303\/revisions\/4404"}],"wp:attachment":[{"href":"https:\/\/amor-pequenino.pt\/index.php\/wp-json\/wp\/v2\/media?parent=4303"}],"curies":[{"name":"wp","href":"https:\/\/api.w.org\/{rel}","templated":true}]}}