{"id":4475,"date":"2021-03-23T00:03:14","date_gmt":"2021-03-23T00:03:14","guid":{"rendered":"https:\/\/amor-pequenino.pt\/?page_id=4475"},"modified":"2021-03-23T17:26:38","modified_gmt":"2021-03-23T17:26:38","slug":"babysiting","status":"publish","type":"page","link":"https:\/\/amor-pequenino.pt\/index.php\/babysiting\/","title":{"rendered":"Babysiting"},"content":{"rendered":"<p>[vc_row css=&#8221;.vc_custom_1616452165158{padding-top: 60px !important;}&#8221;][vc_column width=&#8221;1\/3&#8243;][\/vc_column][vc_column width=&#8221;1\/3&#8243;][vc_single_image image=&#8221;4422&#8243; img_size=&#8221;large&#8221; alignment=&#8221;center&#8221; style=&#8221;vc_box_shadow_3d&#8221; css_animation=&#8221;fadeInLeft&#8221;][\/vc_column][vc_column width=&#8221;1\/3&#8243;][\/vc_column][\/vc_row][vc_row][vc_column]<style>.ld_fancy_heading_6a007415ea26f h4{font-family:Quicksand!important;font-weight:300!important;font-style:normal!important;color:rgb(112, 187, 180);}.ld_fancy_heading_6a007415ea26f .lqd-highlight-inner{height:0.275em;bottom:0px;}<\/style><div class=\"ld-fancy-heading text-justified ld_fancy_heading_6a007415ea26f\">\n\t<h4 class=\"lqd-highlight-underline lqd-highlight-grow-left\" data-fittext=\"true\" data-fittext-options='{\"compressor\":1,\"maxFontSize\":\"currentFontSize\",\"minFontSize\":\"\"}' data-split-text=\"true\" data-custom-animations=\"true\" data-ca-options='{\"triggerHandler\":\"inview\",\"animationTarget\":\".lqd-words .split-inner\",\"duration\":700,\"delay\":100,\"easing\":\"easeOutQuint\",\"direction\":\"forward\",\"initValues\":{\"scale\":1},\"animations\":{\"scale\":1}}' data-split-options='{\"type\":\"words\"}'><span class=\"ld-fh-txt\"> E porque tamb\u00e9m podemos ajudar em vossa casa, desenvolvemos a componente de babysiting.<\/span><\/h4><\/div><style>.ld_spacer_6a007415eb37a{height:36px;}<\/style>\n<div class=\"ld-empty-space ld_spacer_6a007415eb37a\"><span class=\"liquid_empty_space_inner\"><\/span><\/div><style>.ld_fancy_heading_6a007415ebdbe h4{font-family:Quicksand!important;font-weight:300!important;font-style:normal!important;color:rgb(112, 187, 180);}.ld_fancy_heading_6a007415ebdbe .lqd-highlight-inner{height:0.275em;bottom:0px;}<\/style><div class=\"ld-fancy-heading ld_fancy_heading_6a007415ebdbe\">\n\t<h4 class=\"lqd-highlight-underline lqd-highlight-grow-left\" data-fittext=\"true\" data-fittext-options='{\"compressor\":1,\"maxFontSize\":\"currentFontSize\",\"minFontSize\":\"\"}'><span class=\"ld-fh-txt\"> <strong>Destinat\u00e1rios:<\/strong> Crian\u00e7as com idade superior a 12 meses<\/span><\/h4><\/div><style>.ld_fancy_heading_6a007415ecb66 h4{font-family:Quicksand!important;font-weight:300!important;font-style:normal!important;color:rgb(112, 187, 180);}.ld_fancy_heading_6a007415ecb66 .lqd-highlight-inner{height:0.275em;bottom:0px;}<\/style><div class=\"ld-fancy-heading ld_fancy_heading_6a007415ecb66\">\n\t<h4 class=\"lqd-highlight-underline lqd-highlight-grow-left\" data-fittext=\"true\" data-fittext-options='{\"compressor\":1,\"maxFontSize\":\"currentFontSize\",\"minFontSize\":\"\"}'><span class=\"ld-fh-txt\"> <strong>Hor\u00e1rio:<\/strong> Ajust\u00e1vel de acordo com as necessidades de cada fam\u00edlia<\/span><\/h4><\/div>[\/vc_column][\/vc_row][vc_row css=&#8221;.vc_custom_1616350692259{padding-top: 15px !important;padding-bottom: 60px !important;}&#8221;][vc_column width=&#8221;1\/3&#8243;][\/vc_column][vc_column width=&#8221;1\/3&#8243;]<style>.ld_button_6a007415eda9b.btn-icon-solid:hover .btn-icon{background:rgb(255, 255, 255);}.ld_button_6a007415eda9b:hover{background-color:rgb(255, 255, 255);border-color:rgb(255, 255, 255);color:rgb(0, 0, 0);}.ld_button_6a007415eda9b .btn-gradient-bg-hover{background:-webkit-linear-gradient(to right, rgb(255, 255, 255) 0%, rgb(255, 255, 255) 100%);background:linear-gradient(to right, rgb(255, 255, 255) 0%, rgb(255, 255, 255) 100%);}.ld_button_6a007415eda9b:hover .btn-gradient-border defs stop:first-child{stop-color:rgb(255, 255, 255);}.ld_button_6a007415eda9b:hover .btn-gradient-border defs stop:last-child{stop-color:rgb(255, 255, 255);}.ld_button_6a007415eda9b{color:rgb(0, 0, 0);}<\/style><a href=\"https:\/\/amor-pequenino.pt\/index.php\/pre-inscricao\/\" title=\"Pr\u00e9-Inscri\u00e7\u00e3o Atelier\" class=\"btn btn-solid text-uppercase semi-round btn-bordered border-thin ld_button_6a007415eda9b vc_custom_1616434041262\">\n\t<span>\n\t\t\n\t\t\t\t\t<span class=\"btn-txt\">Pr\u00e9-inscri\u00e7\u00e3o<\/span>\n\t\t\t\n\t\t\t\t<\/span>\n<\/a>\n[\/vc_column][vc_column width=&#8221;1\/3&#8243;][\/vc_column][\/vc_row]<\/p>\n","protected":false},"excerpt":{"rendered":"<p>[vc_row css=&#8221;.vc_custom_1616452165158{padding-top: 60px !important;}&#8221;][vc_column width=&#8221;1\/3&#8243;][\/vc_column][vc_column width=&#8221;1\/3&#8243;][vc_single_image image=&#8221;4422&#8243; img_size=&#8221;large&#8221; alignment=&#8221;center&#8221; style=&#8221;vc_box_shadow_3d&#8221; css_animation=&#8221;fadeInLeft&#8221;][\/vc_column][vc_column width=&#8221;1\/3&#8243;][\/vc_column][\/vc_row][vc_row][vc_column][\/vc_column][\/vc_row][vc_row css=&#8221;.vc_custom_1616350692259{padding-top: 15px !important;padding-bottom:&#8230;<\/p>\n","protected":false},"author":2,"featured_media":0,"parent":0,"menu_order":0,"comment_status":"closed","ping_status":"closed","template":"","meta":{"footnotes":""},"class_list":["post-4475","page","type-page","status-publish","hentry"],"_links":{"self":[{"href":"https:\/\/amor-pequenino.pt\/index.php\/wp-json\/wp\/v2\/pages\/4475","targetHints":{"allow":["GET"]}}],"collection":[{"href":"https:\/\/amor-pequenino.pt\/index.php\/wp-json\/wp\/v2\/pages"}],"about":[{"href":"https:\/\/amor-pequenino.pt\/index.php\/wp-json\/wp\/v2\/types\/page"}],"author":[{"embeddable":true,"href":"https:\/\/amor-pequenino.pt\/index.php\/wp-json\/wp\/v2\/users\/2"}],"replies":[{"embeddable":true,"href":"https:\/\/amor-pequenino.pt\/index.php\/wp-json\/wp\/v2\/comments?post=4475"}],"version-history":[{"count":3,"href":"https:\/\/amor-pequenino.pt\/index.php\/wp-json\/wp\/v2\/pages\/4475\/revisions"}],"predecessor-version":[{"id":4532,"href":"https:\/\/amor-pequenino.pt\/index.php\/wp-json\/wp\/v2\/pages\/4475\/revisions\/4532"}],"wp:attachment":[{"href":"https:\/\/amor-pequenino.pt\/index.php\/wp-json\/wp\/v2\/media?parent=4475"}],"curies":[{"name":"wp","href":"https:\/\/api.w.org\/{rel}","templated":true}]}}