{"id":4550,"date":"2021-03-25T14:45:00","date_gmt":"2021-03-25T14:45:00","guid":{"rendered":"https:\/\/amor-pequenino.pt\/?page_id=4550"},"modified":"2021-03-25T18:18:37","modified_gmt":"2021-03-25T18:18:37","slug":"atividades-ao-ar-livre","status":"publish","type":"page","link":"https:\/\/amor-pequenino.pt\/index.php\/atividades-ao-ar-livre\/","title":{"rendered":"Atividades ao ar livre"},"content":{"rendered":"<p>[vc_row css=&#8221;.vc_custom_1616452165158{padding-top: 60px !important;}&#8221;][vc_column width=&#8221;1\/2&#8243;][vc_single_image image=&#8221;4548&#8243; img_size=&#8221;large&#8221; alignment=&#8221;center&#8221; style=&#8221;vc_box_shadow_3d&#8221; css_animation=&#8221;fadeInLeft&#8221;][\/vc_column][vc_column width=&#8221;1\/2&#8243;]<style>.ld_fancy_heading_6a0074147ec00 h4{font-family:Quicksand!important;font-weight:300!important;font-style:normal!important;color:rgb(112, 187, 180);}.ld_fancy_heading_6a0074147ec00 .lqd-highlight-inner{height:0.275em;bottom:0px;}<\/style><div class=\"ld-fancy-heading text-justified ld_fancy_heading_6a0074147ec00\">\n\t<h4 class=\"lqd-highlight-underline lqd-highlight-grow-left\" data-fittext=\"true\" data-fittext-options='{\"compressor\":1,\"maxFontSize\":\"currentFontSize\",\"minFontSize\":\"\"}' data-split-text=\"true\" data-custom-animations=\"true\" data-ca-options='{\"triggerHandler\":\"inview\",\"animationTarget\":\".lqd-words .split-inner\",\"duration\":700,\"delay\":100,\"easing\":\"easeOutQuint\",\"direction\":\"forward\",\"initValues\":{\"scale\":1},\"animations\":{\"scale\":1}}' data-split-options='{\"type\":\"words\"}'><span class=\"ld-fh-txt\"> <\/p>\n<blockquote><p><strong><span style=\"font-size: 21px\">\u201c\u00c9 essencial que uma crian\u00e7a tenha a possibilidade de fazer o m\u00e1ximo de descobertas poss\u00edveis por si pr\u00f3pria. Se n\u00f3s a tentarmos ajudar em todas as suas tarefas di\u00e1rias, privamos a crian\u00e7a de tudo aquilo que \u00e9 essencial para a sua independ\u00eancia e para o seu desenvolvimento psicol\u00f3gico.\u201d<\/span><\/strong><br \/>\n<span style=\"font-size: 16px\">Emmi Pikler<\/span><\/p><\/blockquote>\n<p><\/span><\/h4><\/div>[\/vc_column][\/vc_row][vc_row][vc_column]<style>.ld_fancy_heading_6a0074147fe86 h4{font-family:Quicksand!important;font-weight:300!important;font-style:normal!important;color:rgb(112, 187, 180);}.ld_fancy_heading_6a0074147fe86 .lqd-highlight-inner{height:0.275em;bottom:0px;}<\/style><div class=\"ld-fancy-heading text-justified ld_fancy_heading_6a0074147fe86\">\n\t<h4 class=\"lqd-highlight-underline lqd-highlight-grow-left\" data-fittext=\"true\" data-fittext-options='{\"compressor\":1,\"maxFontSize\":\"currentFontSize\",\"minFontSize\":\"\"}' data-split-text=\"true\" data-custom-animations=\"true\" data-ca-options='{\"triggerHandler\":\"inview\",\"animationTarget\":\".lqd-words .split-inner\",\"duration\":700,\"delay\":100,\"easing\":\"easeOutQuint\",\"direction\":\"forward\",\"initValues\":{\"scale\":1},\"animations\":{\"scale\":1}}' data-split-options='{\"type\":\"words\"}'><span class=\"ld-fh-txt\"> Sabem aquelas atividades que os Amores Pequeninos adoram fazer e que habitualmente, os adultos ficam logo com suores frios? Aquelas que implicam trabalhar com tinta, argila, \u00e1gua, giz, terra\u2026 e que habitualmente n\u00e3o podem ser feitas em sala de aula porque sujam tudo? E aquelas que implicam correr ao ar livre, explorar os insetos com uma lupa, fazer uma casa para p\u00e1ssaros, e tudo aquilo que a imagina\u00e7\u00e3o possa sugerir?! Este atelier foi projetado para essas coisas, que fazem as del\u00edcias das crian\u00e7as, que os permitem tocar, sentir, experimentar, movimentar e aprender MUITO.<\/span><\/h4><\/div><style>.ld_spacer_6a00741480ac9{height:36px;}<\/style>\n<div class=\"ld-empty-space ld_spacer_6a00741480ac9\"><span class=\"liquid_empty_space_inner\"><\/span><\/div><style>.ld_fancy_heading_6a00741481599 h4{font-family:Quicksand!important;font-weight:300!important;font-style:normal!important;color:rgb(112, 187, 180);}.ld_fancy_heading_6a00741481599 .lqd-highlight-inner{height:0.275em;bottom:0px;}<\/style><div class=\"ld-fancy-heading ld_fancy_heading_6a00741481599\">\n\t<h4 class=\"lqd-highlight-underline lqd-highlight-grow-left\" data-fittext=\"true\" data-fittext-options='{\"compressor\":1,\"maxFontSize\":\"currentFontSize\",\"minFontSize\":\"\"}'><span class=\"ld-fh-txt\"> <strong>Destinat\u00e1rios:<\/strong> Dos 3 as 6 anos<\/span><\/h4><\/div><style>.ld_fancy_heading_6a007414824fe h4{font-family:Quicksand!important;font-weight:300!important;font-style:normal!important;color:rgb(112, 187, 180);}.ld_fancy_heading_6a007414824fe .lqd-highlight-inner{height:0.275em;bottom:0px;}<\/style><div class=\"ld-fancy-heading ld_fancy_heading_6a007414824fe\">\n\t<h4 class=\"lqd-highlight-underline lqd-highlight-grow-left\" data-fittext=\"true\" data-fittext-options='{\"compressor\":1,\"maxFontSize\":\"currentFontSize\",\"minFontSize\":\"\"}'><span class=\"ld-fh-txt\"> <strong>Hor\u00e1rio:<\/strong> Dia a definir, das 15:30h \u00e0s 17h<\/span><\/h4><\/div>[\/vc_column][\/vc_row][vc_row css=&#8221;.vc_custom_1616350692259{padding-top: 15px !important;padding-bottom: 60px !important;}&#8221;][vc_column width=&#8221;1\/3&#8243;][\/vc_column][vc_column width=&#8221;1\/3&#8243;]<style>.ld_button_6a00741483586.btn-icon-solid:hover .btn-icon{background:rgb(255, 255, 255);}.ld_button_6a00741483586:hover{background-color:rgb(255, 255, 255);border-color:rgb(255, 255, 255);color:rgb(0, 0, 0);}.ld_button_6a00741483586 .btn-gradient-bg-hover{background:-webkit-linear-gradient(to right, rgb(255, 255, 255) 0%, rgb(255, 255, 255) 100%);background:linear-gradient(to right, rgb(255, 255, 255) 0%, rgb(255, 255, 255) 100%);}.ld_button_6a00741483586:hover .btn-gradient-border defs stop:first-child{stop-color:rgb(255, 255, 255);}.ld_button_6a00741483586:hover .btn-gradient-border defs stop:last-child{stop-color:rgb(255, 255, 255);}.ld_button_6a00741483586{color:rgb(0, 0, 0);}<\/style><a href=\"https:\/\/amor-pequenino.pt\/index.php\/pre-inscricao\/\" title=\"Pr\u00e9-Inscri\u00e7\u00e3o Atelier\" class=\"btn btn-solid text-uppercase semi-round btn-bordered border-thin ld_button_6a00741483586 vc_custom_1616434041262\">\n\t<span>\n\t\t\n\t\t\t\t\t<span class=\"btn-txt\">Pr\u00e9-inscri\u00e7\u00e3o<\/span>\n\t\t\t\n\t\t\t\t<\/span>\n<\/a>\n[\/vc_column][vc_column width=&#8221;1\/3&#8243;][\/vc_column][\/vc_row]<\/p>\n","protected":false},"excerpt":{"rendered":"<p>[vc_row css=&#8221;.vc_custom_1616452165158{padding-top: 60px !important;}&#8221;][vc_column width=&#8221;1\/2&#8243;][vc_single_image image=&#8221;4548&#8243; img_size=&#8221;large&#8221; alignment=&#8221;center&#8221; style=&#8221;vc_box_shadow_3d&#8221; css_animation=&#8221;fadeInLeft&#8221;][\/vc_column][vc_column width=&#8221;1\/2&#8243;][\/vc_column][\/vc_row][vc_row][vc_column][\/vc_column][\/vc_row][vc_row css=&#8221;.vc_custom_1616350692259{padding-top: 15px !important;padding-bottom: 60px&#8230;<\/p>\n","protected":false},"author":2,"featured_media":0,"parent":0,"menu_order":0,"comment_status":"closed","ping_status":"closed","template":"","meta":{"footnotes":""},"class_list":["post-4550","page","type-page","status-publish","hentry"],"_links":{"self":[{"href":"https:\/\/amor-pequenino.pt\/index.php\/wp-json\/wp\/v2\/pages\/4550","targetHints":{"allow":["GET"]}}],"collection":[{"href":"https:\/\/amor-pequenino.pt\/index.php\/wp-json\/wp\/v2\/pages"}],"about":[{"href":"https:\/\/amor-pequenino.pt\/index.php\/wp-json\/wp\/v2\/types\/page"}],"author":[{"embeddable":true,"href":"https:\/\/amor-pequenino.pt\/index.php\/wp-json\/wp\/v2\/users\/2"}],"replies":[{"embeddable":true,"href":"https:\/\/amor-pequenino.pt\/index.php\/wp-json\/wp\/v2\/comments?post=4550"}],"version-history":[{"count":3,"href":"https:\/\/amor-pequenino.pt\/index.php\/wp-json\/wp\/v2\/pages\/4550\/revisions"}],"predecessor-version":[{"id":4558,"href":"https:\/\/amor-pequenino.pt\/index.php\/wp-json\/wp\/v2\/pages\/4550\/revisions\/4558"}],"wp:attachment":[{"href":"https:\/\/amor-pequenino.pt\/index.php\/wp-json\/wp\/v2\/media?parent=4550"}],"curies":[{"name":"wp","href":"https:\/\/api.w.org\/{rel}","templated":true}]}}