{"id":4624,"date":"2021-03-25T22:44:48","date_gmt":"2021-03-25T22:44:48","guid":{"rendered":"https:\/\/amor-pequenino.pt\/?page_id=4624"},"modified":"2021-03-25T23:06:10","modified_gmt":"2021-03-25T23:06:10","slug":"joana-guimaraes","status":"publish","type":"page","link":"https:\/\/amor-pequenino.pt\/index.php\/joana-guimaraes\/","title":{"rendered":"Joana Guimar\u00e3es"},"content":{"rendered":"<p>[vc_row css=&#8221;.vc_custom_1616452165158{padding-top: 60px !important;}&#8221;][vc_column width=&#8221;1\/2&#8243;][vc_single_image image=&#8221;4491&#8243; img_size=&#8221;medium&#8221; alignment=&#8221;center&#8221; style=&#8221;vc_box_shadow_3d&#8221; css_animation=&#8221;fadeInLeft&#8221;][\/vc_column][vc_column width=&#8221;1\/2&#8243;]<style>.ld_fancy_heading_6a00800862ced h4{font-family:Quicksand!important;font-weight:300!important;font-style:normal!important;color:rgb(112, 187, 180);}.ld_fancy_heading_6a00800862ced .lqd-highlight-inner{height:0.275em;bottom:0px;}<\/style><div class=\"ld-fancy-heading text-justified ld_fancy_heading_6a00800862ced\">\n\t<h4 class=\"lqd-highlight-underline lqd-highlight-grow-left\" data-fittext=\"true\" data-fittext-options='{\"compressor\":1,\"maxFontSize\":\"currentFontSize\",\"minFontSize\":\"\"}' data-split-text=\"true\" data-custom-animations=\"true\" data-ca-options='{\"triggerHandler\":\"inview\",\"animationTarget\":\".lqd-words .split-inner\",\"duration\":700,\"delay\":100,\"easing\":\"easeOutQuint\",\"direction\":\"forward\",\"initValues\":{\"scale\":1},\"animations\":{\"scale\":1}}' data-split-options='{\"type\":\"words\"}'><span class=\"ld-fh-txt\"> <\/p>\n<blockquote><p><strong><span style=\"font-size: 21px\">Enfermeira especialista em sa\u00fade infantil e pediatria<br \/>\nEnfermeira especialista em sa\u00fade materna e obstetr\u00edcia<br \/>\nConselheira de aleitamento materno<\/span><\/strong><\/p><\/blockquote>\n<p><\/span><\/h4><\/div>[\/vc_column][\/vc_row][vc_row][vc_column]<style>.ld_fancy_heading_6a00800863c09 h4{font-family:Quicksand!important;font-weight:300!important;font-style:normal!important;color:rgb(112, 187, 180);}.ld_fancy_heading_6a00800863c09 .lqd-highlight-inner{height:0.275em;bottom:0px;}<\/style><div class=\"ld-fancy-heading text-justified ld_fancy_heading_6a00800863c09\">\n\t<h4 class=\"lqd-highlight-underline lqd-highlight-grow-left\" data-fittext=\"true\" data-fittext-options='{\"compressor\":1,\"maxFontSize\":\"currentFontSize\",\"minFontSize\":\"\"}' data-split-text=\"true\" data-custom-animations=\"true\" data-ca-options='{\"triggerHandler\":\"inview\",\"animationTarget\":\".lqd-words .split-inner\",\"duration\":700,\"delay\":100,\"easing\":\"easeOutQuint\",\"direction\":\"forward\",\"initValues\":{\"scale\":1},\"animations\":{\"scale\":1}}' data-split-options='{\"type\":\"words\"}'><span class=\"ld-fh-txt\"> Sou Joana Guimar\u00e3es, enfermeira desde 2004, com especializa\u00e7\u00e3o em sa\u00fade infantil e pedi\u00e1trica desde 2010 e especializa\u00e7\u00e3o em sa\u00fade materna e obst\u00e9trica desde 2014. Neste momento a exercer fun\u00e7\u00f5es como Enfermeira Especialista em Sa\u00fade Materna e Obst\u00e9trica no n\u00facleo partos do Centro Hospitalar de Entre o Douro e Vouga, EPE.<\/p>\n<p>A minha vida e o caminho que tenho percorrido tem sido com muito amor, muita entrega e aceita\u00e7\u00e3o. Hoje sei que o meu prop\u00f3sito de alma \u00e9 estar junto das mulheres, empoderando-as nos v\u00e1rios desafios das suas vidas, nomeadamente na maternidade, na sua gravidez, parto e p\u00f3s-parto, amamenta\u00e7\u00e3o e sono do beb\u00e9.<\/span><\/h4><\/div>[\/vc_column][\/vc_row][vc_row css=&#8221;.vc_custom_1616350692259{padding-top: 15px !important;padding-bottom: 60px !important;}&#8221;][vc_column width=&#8221;1\/3&#8243;][\/vc_column][vc_column width=&#8221;1\/3&#8243;]<style>.ld_button_6a00800864214.btn-icon-solid:hover .btn-icon{background:rgb(255, 255, 255);}.ld_button_6a00800864214:hover{background-color:rgb(255, 255, 255);border-color:rgb(255, 255, 255);color:rgb(0, 0, 0);}.ld_button_6a00800864214 .btn-gradient-bg-hover{background:-webkit-linear-gradient(to right, rgb(255, 255, 255) 0%, rgb(255, 255, 255) 100%);background:linear-gradient(to right, rgb(255, 255, 255) 0%, rgb(255, 255, 255) 100%);}.ld_button_6a00800864214:hover .btn-gradient-border defs stop:first-child{stop-color:rgb(255, 255, 255);}.ld_button_6a00800864214:hover .btn-gradient-border defs stop:last-child{stop-color:rgb(255, 255, 255);}.ld_button_6a00800864214{color:rgb(0, 0, 0);}<\/style><a href=\"https:\/\/amor-pequenino.pt\/index.php\/pedido-de-informacoes\/\" title=\"Pedido de Informa\u00e7\u00f5es\" class=\"btn btn-solid text-uppercase semi-round btn-bordered border-thin ld_button_6a00800864214 vc_custom_1616711367843\">\n\t<span>\n\t\t\n\t\t\t\t\t<span class=\"btn-txt\">Pedido de Informa\u00e7\u00f5es<\/span>\n\t\t\t\n\t\t\t\t<\/span>\n<\/a>\n[\/vc_column][vc_column width=&#8221;1\/3&#8243;][\/vc_column][\/vc_row]<\/p>\n","protected":false},"excerpt":{"rendered":"<p>[vc_row css=&#8221;.vc_custom_1616452165158{padding-top: 60px !important;}&#8221;][vc_column width=&#8221;1\/2&#8243;][vc_single_image image=&#8221;4491&#8243; img_size=&#8221;medium&#8221; alignment=&#8221;center&#8221; style=&#8221;vc_box_shadow_3d&#8221; css_animation=&#8221;fadeInLeft&#8221;][\/vc_column][vc_column width=&#8221;1\/2&#8243;][\/vc_column][\/vc_row][vc_row][vc_column][\/vc_column][\/vc_row][vc_row css=&#8221;.vc_custom_1616350692259{padding-top: 15px !important;padding-bottom: 60px&#8230;<\/p>\n","protected":false},"author":2,"featured_media":0,"parent":0,"menu_order":0,"comment_status":"closed","ping_status":"closed","template":"","meta":{"footnotes":""},"class_list":["post-4624","page","type-page","status-publish","hentry"],"_links":{"self":[{"href":"https:\/\/amor-pequenino.pt\/index.php\/wp-json\/wp\/v2\/pages\/4624","targetHints":{"allow":["GET"]}}],"collection":[{"href":"https:\/\/amor-pequenino.pt\/index.php\/wp-json\/wp\/v2\/pages"}],"about":[{"href":"https:\/\/amor-pequenino.pt\/index.php\/wp-json\/wp\/v2\/types\/page"}],"author":[{"embeddable":true,"href":"https:\/\/amor-pequenino.pt\/index.php\/wp-json\/wp\/v2\/users\/2"}],"replies":[{"embeddable":true,"href":"https:\/\/amor-pequenino.pt\/index.php\/wp-json\/wp\/v2\/comments?post=4624"}],"version-history":[{"count":6,"href":"https:\/\/amor-pequenino.pt\/index.php\/wp-json\/wp\/v2\/pages\/4624\/revisions"}],"predecessor-version":[{"id":4644,"href":"https:\/\/amor-pequenino.pt\/index.php\/wp-json\/wp\/v2\/pages\/4624\/revisions\/4644"}],"wp:attachment":[{"href":"https:\/\/amor-pequenino.pt\/index.php\/wp-json\/wp\/v2\/media?parent=4624"}],"curies":[{"name":"wp","href":"https:\/\/api.w.org\/{rel}","templated":true}]}}