{"id":4628,"date":"2024-03-14T17:25:32","date_gmt":"2024-03-14T17:25:32","guid":{"rendered":"https:\/\/amor-pequenino.pt\/?page_id=4628"},"modified":"2024-03-14T17:26:51","modified_gmt":"2024-03-14T17:26:51","slug":"melanie-petiz","status":"publish","type":"page","link":"https:\/\/amor-pequenino.pt\/index.php\/melanie-petiz\/","title":{"rendered":"Melanie Petiz"},"content":{"rendered":"<p>[vc_row css=&#8221;.vc_custom_1616452165158{padding-top: 60px !important;}&#8221;][vc_column width=&#8221;1\/2&#8243;][vc_single_image image=&#8221;4930&#8243; img_size=&#8221;medium&#8221; alignment=&#8221;center&#8221; style=&#8221;vc_box_shadow_3d&#8221; css_animation=&#8221;fadeInLeft&#8221;][\/vc_column][vc_column width=&#8221;1\/2&#8243;]<style>.ld_fancy_heading_69f2768ddb056 h4{font-family:Quicksand!important;font-weight:300!important;font-style:normal!important;color:rgb(112, 187, 180);}.ld_fancy_heading_69f2768ddb056 .lqd-highlight-inner{height:0.275em;bottom:0px;}<\/style><div class=\"ld-fancy-heading text-justified ld_fancy_heading_69f2768ddb056\">\n\t<h4 class=\"lqd-highlight-underline lqd-highlight-grow-left\" data-fittext=\"true\" data-fittext-options='{\"compressor\":1,\"maxFontSize\":\"currentFontSize\",\"minFontSize\":\"\"}' data-split-text=\"true\" data-custom-animations=\"true\" data-ca-options='{\"triggerHandler\":\"inview\",\"animationTarget\":\".lqd-words .split-inner\",\"duration\":700,\"delay\":100,\"easing\":\"easeOutQuint\",\"direction\":\"forward\",\"initValues\":{\"scale\":1},\"animations\":{\"scale\":1}}' data-split-options='{\"type\":\"words\"}'><span class=\"ld-fh-txt\"> <\/p>\n<blockquote><p><strong><span style=\"font-size: 21px\">Psic\u00f3loga<\/span><\/strong><\/p><\/blockquote>\n<p><\/span><\/h4><\/div>[\/vc_column][\/vc_row][vc_row][vc_column]<style>.ld_fancy_heading_69f2768ddbd75 h4{font-family:Quicksand!important;font-weight:300!important;font-style:normal!important;color:rgb(112, 187, 180);}.ld_fancy_heading_69f2768ddbd75 .lqd-highlight-inner{height:0.275em;bottom:0px;}<\/style><div class=\"ld-fancy-heading text-justified ld_fancy_heading_69f2768ddbd75\">\n\t<h4 class=\"lqd-highlight-underline lqd-highlight-grow-left\" data-fittext=\"true\" data-fittext-options='{\"compressor\":1,\"maxFontSize\":\"currentFontSize\",\"minFontSize\":\"\"}' data-split-text=\"true\" data-custom-animations=\"true\" data-ca-options='{\"triggerHandler\":\"inview\",\"animationTarget\":\".lqd-words .split-inner\",\"duration\":700,\"delay\":100,\"easing\":\"easeOutQuint\",\"direction\":\"forward\",\"initValues\":{\"scale\":1},\"animations\":{\"scale\":1}}' data-split-options='{\"type\":\"words\"}'><span class=\"ld-fh-txt\"> Sou a Melanie, mulher, m\u00e3e e psic\u00f3loga.<\/p>\n<p>Tenho um interesse genu\u00edno pelo ser humano, pelas suas idiossincrasias e fascina-me descobrir as hist\u00f3rias de vida e o seu impacto na personalidade, sentimentos, pensamentos e comportamentos de uma pessoa. Desta forma, encontrei na psicologia cl\u00ednica e da sa\u00fade o que me realiza profissionalmente, pois permite-me apoiar\/orientar o outro a encontrar formas positivas e saud\u00e1veis de se relacionar com a sua hist\u00f3ria, consigo, com os outros e com o mundo que o rodeia.<br \/>\nA experi\u00eancia verdadeiramente transformadora, bem como desafiante, de ser m\u00e3e levou-me a um caminho de desenvolvimento pessoal, em que procurei conhecer-me melhor e definir as minhas inten\u00e7\u00f5es neste novo papel. Foi assim que me cruzei com a pedagogia Montessori e com a parentalidade consciente.<br \/>\nSou especializada em Psicologia da Gravidez e da Parentalidade, e encontro-me dispon\u00edvel para apoiar fam\u00edlias a conhecerem-se melhor e a percorrerem o caminho da parentalidade de uma forma mais tranquila, consciente e alinhada com os seus valores e inten\u00e7\u00f5es, pois acredito que o bem estar dos pais \u00e9 essencial para o bem estar dos filhos.<\/span><\/h4><\/div>[\/vc_column][\/vc_row][vc_row css=&#8221;.vc_custom_1616350692259{padding-top: 15px !important;padding-bottom: 60px !important;}&#8221;][vc_column width=&#8221;1\/3&#8243;][\/vc_column][vc_column width=&#8221;1\/3&#8243;]<style>.ld_button_69f2768ddc505.btn-icon-solid:hover .btn-icon{background:rgb(255, 255, 255);}.ld_button_69f2768ddc505:hover{background-color:rgb(255, 255, 255);border-color:rgb(255, 255, 255);color:rgb(0, 0, 0);}.ld_button_69f2768ddc505 .btn-gradient-bg-hover{background:-webkit-linear-gradient(to right, rgb(255, 255, 255) 0%, rgb(255, 255, 255) 100%);background:linear-gradient(to right, rgb(255, 255, 255) 0%, rgb(255, 255, 255) 100%);}.ld_button_69f2768ddc505:hover .btn-gradient-border defs stop:first-child{stop-color:rgb(255, 255, 255);}.ld_button_69f2768ddc505:hover .btn-gradient-border defs stop:last-child{stop-color:rgb(255, 255, 255);}.ld_button_69f2768ddc505{color:rgb(0, 0, 0);}<\/style><a href=\"https:\/\/amor-pequenino.pt\/index.php\/pedido-de-informacoes\/\" title=\"Pedido de Informa\u00e7\u00f5es\" class=\"btn btn-solid text-uppercase semi-round btn-bordered border-thin ld_button_69f2768ddc505 vc_custom_1616711367843\">\n\t<span>\n\t\t\n\t\t\t\t\t<span class=\"btn-txt\">Pedido de Informa\u00e7\u00f5es<\/span>\n\t\t\t\n\t\t\t\t<\/span>\n<\/a>\n[\/vc_column][vc_column width=&#8221;1\/3&#8243;][\/vc_column][\/vc_row]<\/p>\n","protected":false},"excerpt":{"rendered":"<p>[vc_row css=&#8221;.vc_custom_1616452165158{padding-top: 60px !important;}&#8221;][vc_column width=&#8221;1\/2&#8243;][vc_single_image image=&#8221;4930&#8243; img_size=&#8221;medium&#8221; alignment=&#8221;center&#8221; style=&#8221;vc_box_shadow_3d&#8221; css_animation=&#8221;fadeInLeft&#8221;][\/vc_column][vc_column width=&#8221;1\/2&#8243;][\/vc_column][\/vc_row][vc_row][vc_column][\/vc_column][\/vc_row][vc_row css=&#8221;.vc_custom_1616350692259{padding-top: 15px !important;padding-bottom: 60px&#8230;<\/p>\n","protected":false},"author":2,"featured_media":0,"parent":0,"menu_order":0,"comment_status":"closed","ping_status":"closed","template":"","meta":{"footnotes":""},"class_list":["post-4628","page","type-page","status-publish","hentry"],"_links":{"self":[{"href":"https:\/\/amor-pequenino.pt\/index.php\/wp-json\/wp\/v2\/pages\/4628","targetHints":{"allow":["GET"]}}],"collection":[{"href":"https:\/\/amor-pequenino.pt\/index.php\/wp-json\/wp\/v2\/pages"}],"about":[{"href":"https:\/\/amor-pequenino.pt\/index.php\/wp-json\/wp\/v2\/types\/page"}],"author":[{"embeddable":true,"href":"https:\/\/amor-pequenino.pt\/index.php\/wp-json\/wp\/v2\/users\/2"}],"replies":[{"embeddable":true,"href":"https:\/\/amor-pequenino.pt\/index.php\/wp-json\/wp\/v2\/comments?post=4628"}],"version-history":[{"count":1,"href":"https:\/\/amor-pequenino.pt\/index.php\/wp-json\/wp\/v2\/pages\/4628\/revisions"}],"predecessor-version":[{"id":4932,"href":"https:\/\/amor-pequenino.pt\/index.php\/wp-json\/wp\/v2\/pages\/4628\/revisions\/4932"}],"wp:attachment":[{"href":"https:\/\/amor-pequenino.pt\/index.php\/wp-json\/wp\/v2\/media?parent=4628"}],"curies":[{"name":"wp","href":"https:\/\/api.w.org\/{rel}","templated":true}]}}