{"id":4908,"date":"2024-03-14T16:28:55","date_gmt":"2024-03-14T16:28:55","guid":{"rendered":"https:\/\/amor-pequenino.pt\/?page_id=4908"},"modified":"2024-03-15T15:51:00","modified_gmt":"2024-03-15T15:51:00","slug":"growhappy","status":"publish","type":"page","link":"https:\/\/amor-pequenino.pt\/index.php\/growhappy\/","title":{"rendered":"GrowHappy!"},"content":{"rendered":"<p>[vc_row css=&#8221;.vc_custom_1616452165158{padding-top: 60px !important;}&#8221;][vc_column width=&#8221;1\/3&#8243;][vc_single_image image=&#8221;4911&#8243; img_size=&#8221;large&#8221; alignment=&#8221;center&#8221; style=&#8221;vc_box_shadow_3d&#8221; onclick=&#8221;img_link_large&#8221; css_animation=&#8221;fadeInLeft&#8221;][\/vc_column][vc_column width=&#8221;1\/3&#8243;][vc_single_image image=&#8221;4909&#8243; img_size=&#8221;large&#8221; alignment=&#8221;center&#8221; style=&#8221;vc_box_shadow_3d&#8221; onclick=&#8221;img_link_large&#8221; css_animation=&#8221;fadeInLeft&#8221;][\/vc_column][vc_column width=&#8221;1\/3&#8243;][vc_single_image image=&#8221;4910&#8243; img_size=&#8221;large&#8221; alignment=&#8221;center&#8221; style=&#8221;vc_box_shadow_3d&#8221; onclick=&#8221;img_link_large&#8221; css_animation=&#8221;fadeInLeft&#8221;][\/vc_column][\/vc_row][vc_row][vc_column]<style>.ld_fancy_heading_6a0074149ff06 h4{font-family:Quicksand!important;font-weight:300!important;font-style:normal!important;color:rgb(112, 187, 180);}.ld_fancy_heading_6a0074149ff06 .lqd-highlight-inner{height:0.275em;bottom:0px;}<\/style><div class=\"ld-fancy-heading text-justified ld_fancy_heading_6a0074149ff06\">\n\t<h4 class=\"lqd-highlight-underline lqd-highlight-grow-left\" data-fittext=\"true\" data-fittext-options='{\"compressor\":1,\"maxFontSize\":\"currentFontSize\",\"minFontSize\":\"\"}' data-split-text=\"true\" data-custom-animations=\"true\" data-ca-options='{\"triggerHandler\":\"inview\",\"animationTarget\":\".lqd-words .split-inner\",\"duration\":700,\"delay\":100,\"easing\":\"easeOutQuint\",\"direction\":\"forward\",\"initValues\":{\"scale\":1},\"animations\":{\"scale\":1}}' data-split-options='{\"type\":\"words\"}'><span class=\"ld-fh-txt\"> <strong>Projeto apoiado pelo BPI funda\u00e7\u00e3o \u201cla Caixa\u201d<\/strong><\/span><\/h4><\/div><style>.ld_spacer_6a007414a0bca{height:36px;}<\/style>\n<div class=\"ld-empty-space ld_spacer_6a007414a0bca\"><span class=\"liquid_empty_space_inner\"><\/span><\/div><style>.ld_fancy_heading_6a007414a14af h4{font-family:Quicksand!important;font-weight:300!important;font-style:normal!important;color:rgb(112, 187, 180);}.ld_fancy_heading_6a007414a14af .lqd-highlight-inner{height:0.275em;bottom:0px;}<\/style><div class=\"ld-fancy-heading text-justified ld_fancy_heading_6a007414a14af\">\n\t<h4 class=\"lqd-highlight-underline lqd-highlight-grow-left\" data-fittext=\"true\" data-fittext-options='{\"compressor\":1,\"maxFontSize\":\"currentFontSize\",\"minFontSize\":\"\"}' data-split-text=\"true\" data-custom-animations=\"true\" data-ca-options='{\"triggerHandler\":\"inview\",\"animationTarget\":\".lqd-words .split-inner\",\"duration\":700,\"delay\":100,\"easing\":\"easeOutQuint\",\"direction\":\"forward\",\"initValues\":{\"scale\":1},\"animations\":{\"scale\":1}}' data-split-options='{\"type\":\"words\"}'><span class=\"ld-fh-txt\"> <strong>Objetivos:<\/strong><br \/>\n1. Proporcionar momentos de brincadeira livre num ambiente preparado na natureza, com recurso a atividades sensoriais, motoras e l\u00fadicas;<br \/>\n2. Promover o respeito pela natureza, ecologia e sustentabilidade ambiental, atrav\u00e9s da observa\u00e7\u00e3o direta da natureza e do contacto com animais;<br \/>\n3. Capacitar e consciencializar pais e m\u00e3es para uma metodologia de aprendizagem e desenvolvimento de compet\u00eancias respeitadora do desenvolvimento infantil.<\/span><\/h4><\/div><style>.ld_spacer_6a007414a1ec7{height:36px;}<\/style>\n<div class=\"ld-empty-space ld_spacer_6a007414a1ec7\"><span class=\"liquid_empty_space_inner\"><\/span><\/div><style>.ld_fancy_heading_6a007414a277f h4{font-family:Quicksand!important;font-weight:300!important;font-style:normal!important;color:rgb(112, 187, 180);}.ld_fancy_heading_6a007414a277f .lqd-highlight-inner{height:0.275em;bottom:0px;}<\/style><div class=\"ld-fancy-heading ld_fancy_heading_6a007414a277f\">\n\t<h4 class=\"lqd-highlight-underline lqd-highlight-grow-left\" data-fittext=\"true\" data-fittext-options='{\"compressor\":1,\"maxFontSize\":\"currentFontSize\",\"minFontSize\":\"\"}'><span class=\"ld-fh-txt\"> <strong>Benefici\u00e1rios do projeto:<\/strong> 50 crian\u00e7as entre os 3 e os 6 anos do concelho de Santa Maria da Feira, encaminhados por parceiros da \u00e1rea social e da sa\u00fade<\/span><\/h4><\/div><style>.ld_fancy_heading_6a007414a323e h4{font-family:Quicksand!important;font-weight:300!important;font-style:normal!important;color:rgb(112, 187, 180);}.ld_fancy_heading_6a007414a323e .lqd-highlight-inner{height:0.275em;bottom:0px;}<\/style><div class=\"ld-fancy-heading ld_fancy_heading_6a007414a323e\">\n\t<h4 class=\"lqd-highlight-underline lqd-highlight-grow-left\" data-fittext=\"true\" data-fittext-options='{\"compressor\":1,\"maxFontSize\":\"currentFontSize\",\"minFontSize\":\"\"}'><span class=\"ld-fh-txt\"> <strong>O projeto conta com os seguintes parceiros:<\/strong> Junta de freguesia de Rio Me\u00e3o, Junta de freguesia de SJ de Ver, Junta de freguesia de Pa\u00e7os de Brand\u00e3o, Junta de Freguesia de Santa Maria de Lamas, Uni\u00e3o de Freguesias de Caldas de S\u00e3o Jorge e Pigeiros, MACUR, Golgota, cl\u00ednicas Autonomia Positiva, Clinifeira, Pronunciar.<\/span><\/h4><\/div><style>.ld_fancy_heading_6a007414a7f64 h4{font-family:Quicksand!important;font-weight:300!important;font-style:normal!important;color:rgb(112, 187, 180);}.ld_fancy_heading_6a007414a7f64 .lqd-highlight-inner{height:0.275em;bottom:0px;}<\/style><div class=\"ld-fancy-heading ld_fancy_heading_6a007414a7f64\">\n\t<h4 class=\"lqd-highlight-underline lqd-highlight-grow-left\" data-fittext=\"true\" data-fittext-options='{\"compressor\":1,\"maxFontSize\":\"currentFontSize\",\"minFontSize\":\"\"}'><span class=\"ld-fh-txt\"> <strong>Atividades previstas:<\/strong><\/p>\n<p>&#8211; 40 horas de forma\u00e7\u00e3o parental<br \/>\n&#8211; Atividades ao ar livre di\u00e1rias<br \/>\n&#8211; Workshops pedi\u00e1tricos de ioga, m\u00fasica, culin\u00e1ria, Montessori, express\u00e3o art\u00edstica, gest\u00e3o emocional, entre outros<br \/>\n&#8211; Open days e workshops comunit\u00e1rios<\/span><\/h4><\/div><style>.ld_fancy_heading_6a007414a8c00 h4{font-family:Quicksand!important;font-weight:300!important;font-style:normal!important;color:rgb(112, 187, 180);}.ld_fancy_heading_6a007414a8c00 .lqd-highlight-inner{height:0.275em;bottom:0px;}<\/style><div class=\"ld-fancy-heading ld_fancy_heading_6a007414a8c00\">\n\t<h4 class=\"lqd-highlight-underline lqd-highlight-grow-left\" data-fittext=\"true\" data-fittext-options='{\"compressor\":1,\"maxFontSize\":\"currentFontSize\",\"minFontSize\":\"\"}'><span class=\"ld-fh-txt\"> (Programa sujeito a altera\u00e7\u00f5es)<\/span><\/h4><\/div><style>.ld_spacer_6a007414a9502{height:36px;}<\/style>\n<div class=\"ld-empty-space ld_spacer_6a007414a9502\"><span class=\"liquid_empty_space_inner\"><\/span><\/div>[\/vc_column][\/vc_row]<\/p>\n","protected":false},"excerpt":{"rendered":"<p>[vc_row css=&#8221;.vc_custom_1616452165158{padding-top: 60px !important;}&#8221;][vc_column width=&#8221;1\/3&#8243;][vc_single_image image=&#8221;4911&#8243; img_size=&#8221;large&#8221; alignment=&#8221;center&#8221; style=&#8221;vc_box_shadow_3d&#8221; onclick=&#8221;img_link_large&#8221; css_animation=&#8221;fadeInLeft&#8221;][\/vc_column][vc_column width=&#8221;1\/3&#8243;][vc_single_image image=&#8221;4909&#8243; img_size=&#8221;large&#8221; alignment=&#8221;center&#8221;&#8230;<\/p>\n","protected":false},"author":2,"featured_media":0,"parent":0,"menu_order":0,"comment_status":"closed","ping_status":"closed","template":"","meta":{"footnotes":""},"class_list":["post-4908","page","type-page","status-publish","hentry"],"_links":{"self":[{"href":"https:\/\/amor-pequenino.pt\/index.php\/wp-json\/wp\/v2\/pages\/4908","targetHints":{"allow":["GET"]}}],"collection":[{"href":"https:\/\/amor-pequenino.pt\/index.php\/wp-json\/wp\/v2\/pages"}],"about":[{"href":"https:\/\/amor-pequenino.pt\/index.php\/wp-json\/wp\/v2\/types\/page"}],"author":[{"embeddable":true,"href":"https:\/\/amor-pequenino.pt\/index.php\/wp-json\/wp\/v2\/users\/2"}],"replies":[{"embeddable":true,"href":"https:\/\/amor-pequenino.pt\/index.php\/wp-json\/wp\/v2\/comments?post=4908"}],"version-history":[{"count":8,"href":"https:\/\/amor-pequenino.pt\/index.php\/wp-json\/wp\/v2\/pages\/4908\/revisions"}],"predecessor-version":[{"id":4962,"href":"https:\/\/amor-pequenino.pt\/index.php\/wp-json\/wp\/v2\/pages\/4908\/revisions\/4962"}],"wp:attachment":[{"href":"https:\/\/amor-pequenino.pt\/index.php\/wp-json\/wp\/v2\/media?parent=4908"}],"curies":[{"name":"wp","href":"https:\/\/api.w.org\/{rel}","templated":true}]}}