{"id":4952,"date":"2024-03-15T15:37:30","date_gmt":"2024-03-15T15:37:30","guid":{"rendered":"https:\/\/amor-pequenino.pt\/?page_id=4952"},"modified":"2024-03-15T16:13:51","modified_gmt":"2024-03-15T16:13:51","slug":"ateliers","status":"publish","type":"page","link":"https:\/\/amor-pequenino.pt\/index.php\/ateliers\/","title":{"rendered":"Ateliers"},"content":{"rendered":"<p>[vc_row css=&#8221;.vc_custom_1621867053255{padding-top: 180px !important;}&#8221;][vc_column width=&#8221;1\/4&#8243; align=&#8221;text-center&#8221;][vc_single_image image=&#8221;4571&#8243; img_size=&#8221;full&#8221; alignment=&#8221;center&#8221; style=&#8221;vc_box_rounded&#8221; onclick=&#8221;custom_link&#8221; enable_opacity=&#8221;yes&#8221; opacity=&#8221;0.7&#8243; link=&#8221;https:\/\/amor-pequenino.pt\/index.php\/apoio-a-familia\/&#8221;]<style>.ld_spacer_6a00742c72605{height:32px;}<\/style>\n<div class=\"ld-empty-space ld_spacer_6a00742c72605\"><span class=\"liquid_empty_space_inner\"><\/span><\/div>[vc_single_image image=&#8221;4573&#8243; img_size=&#8221;full&#8221; alignment=&#8221;center&#8221; style=&#8221;vc_box_rounded&#8221; onclick=&#8221;custom_link&#8221; enable_opacity=&#8221;yes&#8221; opacity=&#8221;0.7&#8243; link=&#8221;https:\/\/amor-pequenino.pt\/index.php\/atelier-musical\/&#8221;][\/vc_column][vc_column width=&#8221;1\/4&#8243; align=&#8221;text-center&#8221;][vc_single_image image=&#8221;4578&#8243; img_size=&#8221;full&#8221; alignment=&#8221;center&#8221; style=&#8221;vc_box_rounded&#8221; onclick=&#8221;custom_link&#8221; enable_opacity=&#8221;yes&#8221; opacity=&#8221;0.7&#8243; link=&#8221;https:\/\/amor-pequenino.pt\/index.php\/montessori\/&#8221;]<style>.ld_spacer_6a00742c72a2e{height:32px;}<\/style>\n<div class=\"ld-empty-space ld_spacer_6a00742c72a2e\"><span class=\"liquid_empty_space_inner\"><\/span><\/div>[vc_single_image image=&#8221;4577&#8243; img_size=&#8221;full&#8221; alignment=&#8221;center&#8221; style=&#8221;vc_box_rounded&#8221; onclick=&#8221;custom_link&#8221; enable_opacity=&#8221;yes&#8221; opacity=&#8221;0.7&#8243; link=&#8221;https:\/\/amor-pequenino.pt\/index.php\/ioga-mindfullness\/&#8221;][\/vc_column][vc_column width=&#8221;1\/4&#8243; align=&#8221;text-center&#8221;][vc_single_image image=&#8221;4572&#8243; img_size=&#8221;full&#8221; alignment=&#8221;center&#8221; style=&#8221;vc_box_rounded&#8221; onclick=&#8221;custom_link&#8221; enable_opacity=&#8221;yes&#8221; opacity=&#8221;0.7&#8243; link=&#8221;https:\/\/amor-pequenino.pt\/index.php\/horta-quinta-pedagogica\/&#8221;]<style>.ld_spacer_6a00742c72df4{height:32px;}<\/style>\n<div class=\"ld-empty-space ld_spacer_6a00742c72df4\"><span class=\"liquid_empty_space_inner\"><\/span><\/div>[vc_single_image image=&#8221;4692&#8243; img_size=&#8221;full&#8221; alignment=&#8221;center&#8221; style=&#8221;vc_box_rounded&#8221; onclick=&#8221;custom_link&#8221; enable_opacity=&#8221;yes&#8221; opacity=&#8221;0.7&#8243; link=&#8221;https:\/\/amor-pequenino.pt\/index.php\/capoeira\/&#8221;][\/vc_column][vc_column width=&#8221;1\/4&#8243; align=&#8221;text-center&#8221;][vc_single_image image=&#8221;4575&#8243; img_size=&#8221;full&#8221; alignment=&#8221;center&#8221; style=&#8221;vc_box_rounded&#8221; onclick=&#8221;custom_link&#8221; enable_opacity=&#8221;yes&#8221; opacity=&#8221;0.7&#8243; link=&#8221;https:\/\/amor-pequenino.pt\/index.php\/atelier-culinaria\/&#8221;]<style>.ld_spacer_6a00742c731bb{height:32px;}<\/style>\n<div class=\"ld-empty-space ld_spacer_6a00742c731bb\"><span class=\"liquid_empty_space_inner\"><\/span><\/div>[vc_single_image image=&#8221;4576&#8243; img_size=&#8221;full&#8221; alignment=&#8221;center&#8221; style=&#8221;vc_box_rounded&#8221; onclick=&#8221;custom_link&#8221; enable_opacity=&#8221;yes&#8221; opacity=&#8221;0.7&#8243; link=&#8221;https:\/\/amor-pequenino.pt\/index.php\/horta-quinta-pedagogica\/&#8221;][\/vc_column][\/vc_row][vc_row][vc_column width=&#8221;1\/5&#8243;][\/vc_column][vc_column width=&#8221;1\/5&#8243;][\/vc_column][vc_column width=&#8221;1\/5&#8243;]<style>.ld_button_6a00742c73668.btn-icon-solid:hover .btn-icon{background:rgb(255, 255, 255);}.ld_button_6a00742c73668:hover{background-color:rgb(255, 255, 255);border-color:rgb(255, 255, 255);color:rgb(0, 0, 0);}.ld_button_6a00742c73668 .btn-gradient-bg-hover{background:-webkit-linear-gradient(to right, rgb(255, 255, 255) 0%, rgb(255, 255, 255) 100%);background:linear-gradient(to right, rgb(255, 255, 255) 0%, rgb(255, 255, 255) 100%);}.ld_button_6a00742c73668:hover .btn-gradient-border defs stop:first-child{stop-color:rgb(255, 255, 255);}.ld_button_6a00742c73668:hover .btn-gradient-border defs stop:last-child{stop-color:rgb(255, 255, 255);}.ld_button_6a00742c73668{color:rgb(0, 0, 0);}<\/style><a href=\"https:\/\/amor-pequenino.pt\/index.php\/pre-inscricao\/\" title=\"Pr\u00e9-Inscri\u00e7\u00e3o\" class=\"btn btn-solid text-uppercase semi-round btn-bordered border-thin ld_button_6a00742c73668 vc_custom_1710518442641\">\n\t<span>\n\t\t\n\t\t\t\t\t<span class=\"btn-txt\">Inscri\u00e7\u00e3o<\/span>\n\t\t\t\n\t\t\t\t<\/span>\n<\/a>\n[\/vc_column][vc_column width=&#8221;1\/5&#8243;][\/vc_column][vc_column width=&#8221;1\/5&#8243;][\/vc_column][\/vc_row][vc_row css=&#8221;.vc_custom_1621931372022{padding-top: 60px !important;padding-bottom: 15px !important;}&#8221;][vc_column width=&#8221;2\/3&#8243;]<style>.ld_fancy_heading_6a00742c75514 h4{font-family:Quicksand!important;font-weight:300!important;font-style:normal!important;color:rgb(112, 187, 180);}.ld_fancy_heading_6a00742c75514 .lqd-highlight-inner{height:0.275em;bottom:0px;}<\/style><div class=\"ld-fancy-heading text-justified ld_fancy_heading_6a00742c75514\">\n\t<h4 class=\"lqd-highlight-underline lqd-highlight-grow-left\" data-fittext=\"true\" data-fittext-options='{\"compressor\":1,\"maxFontSize\":\"currentFontSize\",\"minFontSize\":\"\"}' data-split-text=\"true\" data-custom-animations=\"true\" data-ca-options='{\"triggerHandler\":\"inview\",\"animationTarget\":\".lqd-words .split-inner\",\"duration\":700,\"delay\":100,\"easing\":\"easeOutQuint\",\"direction\":\"forward\",\"initValues\":{\"scale\":1},\"animations\":{\"scale\":1}}' data-split-options='{\"type\":\"words\"}'><span class=\"ld-fh-txt\"> Somos apaixonados pela pedagogia de Maria Montessori, que se rege por 3 princ\u00edpios b\u00e1sicos: a crian\u00e7a, o ambiente e o adulto.<\/p>\n<p>Montessori diz-nos para \u201cseguir a crian\u00e7a\u201d. Seguir os seus interesses, as suas necessidades, deixando-a expressar-se livremente e sendo a pr\u00f3pria crian\u00e7a a guiar o seu desenvolvimento. Isto implica liberdade com limites muito bem definidos, de forma a que a crian\u00e7a perceba a consequ\u00eancia dos seus atos e aprenda com a experi\u00eancia.<\/p>\n<p>Acreditamos que todas as crian\u00e7as s\u00e3o mestres da sua pr\u00f3pria constru\u00e7\u00e3o e t\u00eam dentro de si tudo aquilo que necessitam para serem construtores da paz. Queremos ser adultos preparados construindo um ambiente que ajude a crian\u00e7a a ser independente, a responsabilizar-se por si mesma, pelos outros e pelo meio ambiente, a procurar solu\u00e7\u00f5es, a enfrentar dificuldades e super\u00e1-las e a trabalhar em conjunto para o bem comum.<\/p>\n<p>Neste sentido, formamos uma equipa escolhida com o cora\u00e7\u00e3o e criamos v\u00e1rios ateliers infantis.<\/span><\/h4><\/div>[\/vc_column][vc_column width=&#8221;1\/3&#8243;][vc_single_image image=&#8221;4393&#8243; img_size=&#8221;medium&#8221; alignment=&#8221;center&#8221; css_animation=&#8221;fadeInRight&#8221;][\/vc_column][\/vc_row]<\/p>\n","protected":false},"excerpt":{"rendered":"<p>[vc_row css=&#8221;.vc_custom_1621867053255{padding-top: 180px !important;}&#8221;][vc_column width=&#8221;1\/4&#8243; align=&#8221;text-center&#8221;][vc_single_image image=&#8221;4571&#8243; img_size=&#8221;full&#8221; alignment=&#8221;center&#8221; style=&#8221;vc_box_rounded&#8221; onclick=&#8221;custom_link&#8221; enable_opacity=&#8221;yes&#8221; opacity=&#8221;0.7&#8243; link=&#8221;https:\/\/amor-pequenino.pt\/index.php\/apoio-a-familia\/&#8221;][vc_single_image image=&#8221;4573&#8243;&#8230;<\/p>\n","protected":false},"author":2,"featured_media":0,"parent":0,"menu_order":0,"comment_status":"closed","ping_status":"closed","template":"","meta":{"footnotes":""},"class_list":["post-4952","page","type-page","status-publish","hentry"],"_links":{"self":[{"href":"https:\/\/amor-pequenino.pt\/index.php\/wp-json\/wp\/v2\/pages\/4952","targetHints":{"allow":["GET"]}}],"collection":[{"href":"https:\/\/amor-pequenino.pt\/index.php\/wp-json\/wp\/v2\/pages"}],"about":[{"href":"https:\/\/amor-pequenino.pt\/index.php\/wp-json\/wp\/v2\/types\/page"}],"author":[{"embeddable":true,"href":"https:\/\/amor-pequenino.pt\/index.php\/wp-json\/wp\/v2\/users\/2"}],"replies":[{"embeddable":true,"href":"https:\/\/amor-pequenino.pt\/index.php\/wp-json\/wp\/v2\/comments?post=4952"}],"version-history":[{"count":10,"href":"https:\/\/amor-pequenino.pt\/index.php\/wp-json\/wp\/v2\/pages\/4952\/revisions"}],"predecessor-version":[{"id":4963,"href":"https:\/\/amor-pequenino.pt\/index.php\/wp-json\/wp\/v2\/pages\/4952\/revisions\/4963"}],"wp:attachment":[{"href":"https:\/\/amor-pequenino.pt\/index.php\/wp-json\/wp\/v2\/media?parent=4952"}],"curies":[{"name":"wp","href":"https:\/\/api.w.org\/{rel}","templated":true}]}}