{"id":4980,"date":"2026-01-06T17:40:53","date_gmt":"2026-01-06T17:40:53","guid":{"rendered":"https:\/\/amor-pequenino.pt\/?page_id=4980"},"modified":"2026-01-07T11:27:24","modified_gmt":"2026-01-07T11:27:24","slug":"formulario-de-inscricao-sidebyside","status":"publish","type":"page","link":"https:\/\/amor-pequenino.pt\/index.php\/formulario-de-inscricao-sidebyside\/","title":{"rendered":"Formul\u00e1rio de Inscri\u00e7\u00e3o Side By Side"},"content":{"rendered":"<p>[vc_row css=&#8221;.vc_custom_1616341631056{padding-top: 180px !important;padding-bottom: 60px !important;}&#8221;][vc_column offset=&#8221;vc_col-md-offset-1 vc_col-md-10&#8243;][vc_row_inner content_placement=&#8221;middle&#8221;][vc_column_inner offset=&#8221;vc_col-md-offset-1 vc_col-md-6&#8243;]<style>.ld_section_title_69f1c3c275a3a h2{font-family:Quicksand!important;font-weight:700!important;font-style:normal!important;font-size:38px;color:rgb(112, 187, 180);margin-bottom:0px !important;;}<\/style><header class=\"fancy-title ld_section_title_69f1c3c275a3a\">\n\t<h2>Formul\u00e1rio de Inscri\u00e7\u00e3o Side By Side<\/h2>\t\t<\/header>[\/vc_column_inner][vc_column_inner align=&#8221;text-left&#8221; offset=&#8221;vc_col-md-4 vc_hidden-sm vc_hidden-xs&#8221; responsive_align=&#8221;text-md-right&#8221;]<style>.ld_icon_box_69f1c3c276cd3 .iconbox-icon-container{color:rgb(216, 219, 226);border-radius:px;}.ld_icon_box_69f1c3c276cd3:hover .iconbox-icon-container{color:rgb(0, 0, 0);}.ld_icon_box_69f1c3c276cd3 h3{margin-bottom:px;}<\/style>\n<div class=\"iconbox text-right iconbox-xl ld_icon_box_69f1c3c276cd3 vc_custom_1536751299280\" id=\"ld_icon_box_69f1c3c276cd3\"  data-animate-icon=\"true\" data-plugin-options='{\"resetOnHover\":true,\"color\":\"rgb(216, 219, 226)\",\"hoverColor\":\"rgb(0, 0, 0)\"}'  >\n\t\n\t\t<div class=\"iconbox-icon-wrap\"><span class=\"iconbox-icon-container\"><?xml version=\"1.0\" encoding=\"utf-8\"?>\r\n<!-- Generator: Adobe Illustrator 16.0.0, SVG Export Plug-In . SVG Version: 6.00 Build 0)  -->\r\n<!DOCTYPE svg PUBLIC \"-\/\/W3C\/\/DTD SVG 1.1\/\/EN\" \"http:\/\/www.w3.org\/Graphics\/SVG\/1.1\/DTD\/svg11.dtd\">\r\n<svg version=\"1.1\" id=\"Layer_1\" xmlns=\"http:\/\/www.w3.org\/2000\/svg\" xmlns:xlink=\"http:\/\/www.w3.org\/1999\/xlink\" x=\"0px\" y=\"0px\"\r\n\t width=\"64px\" height=\"64px\" viewBox=\"0 0 64 64\" enable-background=\"new 0 0 64 64\" xml:space=\"preserve\">\r\n<polygon fill=\"none\" stroke=\"#000000\" stroke-width=\"2\" stroke-linejoin=\"bevel\" stroke-miterlimit=\"10\" points=\"1,30 63,1 23,41 \r\n\t\"\/>\r\n<polygon fill=\"none\" stroke=\"#000000\" stroke-width=\"2\" stroke-linejoin=\"bevel\" stroke-miterlimit=\"10\" points=\"34,63 63,1 23,41 \r\n\t\"\/>\r\n<\/svg>\r\n<\/span><\/div><!-- \/.iconbox-icon-wrap -->\t\n\t\t\n\t\t\n\t\t\t\t\n\t\t\n\t\n<\/div>\n[\/vc_column_inner][vc_column_inner offset=&#8221;vc_col-md-offset-1 vc_col-md-10&#8243;]<style>.ld_cf7_69f1c3c2a4e20 input[type=\"submit\"], .ld_cf7_69f1c3c2a4e20 button[type=\"submit\"]{font-family:Quicksand!important;font-weight:400!important;font-style:normal!important;font-size:13px;font-weight:700;letter-spacing:0.1em;background:rgb(255, 255, 255);color:rgb(112, 187, 180);border-color:rgb(112, 187, 180);}.ld_cf7_69f1c3c2a4e20 input, .ld_cf7_69f1c3c2a4e20 select, .ld_cf7_69f1c3c2a4e20 textarea, .ld_cf7_69f1c3c2a4e20 .ui-selectmenu-button{color:rgb(216, 219, 226);}.ld_cf7_69f1c3c2a4e20 input:focus, .ld_cf7_69f1c3c2a4e20 select:focus, .ld_cf7_69f1c3c2a4e20 textarea:focus, .ld_cf7_69f1c3c2a4e20 .ui-selectmenu-button:hover{color:rgb(0, 0, 0);}.ld_cf7_69f1c3c2a4e20 input[type=\"submit\"]:focus,.ld_cf7_69f1c3c2a4e20 input[type=\"submit\"]:hover, .ld_cf7_69f1c3c2a4e20 button[type=\"submit\"]:focus, .ld_cf7_69f1c3c2a4e20 button[type=\"submit\"]:hover{background:rgb(112, 187, 180);}.ld_cf7_69f1c3c2a4e20 input[type=\"submit\"]:hover, .ld_cf7_69f1c3c2a4e20 button[type=\"submit\"]:hover{color:rgb(255, 255, 255);}<\/style><div id=\"ld_cf7_69f1c3c2a4e20\" class=\"lqd-contact-form ld_cf7_69f1c3c2a4e20\">\n\t\n<div class=\"wpcf7 no-js\" id=\"wpcf7-f4979-o1\" lang=\"en-US\" dir=\"ltr\" data-wpcf7-id=\"4979\">\n<div class=\"screen-reader-response\"><p role=\"status\" aria-live=\"polite\" aria-atomic=\"true\"><\/p> <ul><\/ul><\/div>\n<form action=\"\/index.php\/wp-json\/wp\/v2\/pages\/4980#wpcf7-f4979-o1\" method=\"post\" class=\"wpcf7-form init\" aria-label=\"Contact form\" novalidate=\"novalidate\" data-status=\"init\">\n<fieldset class=\"hidden-fields-container\"><input type=\"hidden\" name=\"_wpcf7\" value=\"4979\" \/><input type=\"hidden\" name=\"_wpcf7_version\" value=\"6.1.5\" \/><input type=\"hidden\" name=\"_wpcf7_locale\" value=\"en_US\" \/><input type=\"hidden\" name=\"_wpcf7_unit_tag\" value=\"wpcf7-f4979-o1\" \/><input type=\"hidden\" name=\"_wpcf7_container_post\" value=\"0\" \/><input type=\"hidden\" name=\"_wpcf7_posted_data_hash\" value=\"\" \/>\n<\/fieldset>\n<p><label><\/label><br \/>\n<label><\/label><br \/>\n<label><strong> Dados da Crian\u00e7a<\/strong><\/label><br \/>\n<label><\/label>\n<\/p>\n<p><label> Nome:<\/label><br \/>\n<span class=\"wpcf7-form-control-wrap\" data-name=\"nome-crianca\"><input size=\"40\" maxlength=\"400\" class=\"wpcf7-form-control wpcf7-text wpcf7-validates-as-required\" aria-required=\"true\" aria-invalid=\"false\" value=\"\" type=\"text\" name=\"nome-crianca\" \/><\/span>\n<\/p>\n<p><label> Data de Nascimento:<\/label><br \/>\n<span class=\"wpcf7-form-control-wrap\" data-name=\"data-nascimento-crianca\"><input class=\"wpcf7-form-control wpcf7-date wpcf7-validates-as-required wpcf7-validates-as-date\" aria-required=\"true\" aria-invalid=\"false\" value=\"\" type=\"date\" name=\"data-nascimento-crianca\" \/><\/span>\n<\/p>\n<p><label> NIF:<\/label><br \/>\n<span class=\"wpcf7-form-control-wrap\" data-name=\"nif-crianca\"><input size=\"40\" maxlength=\"400\" class=\"wpcf7-form-control wpcf7-text wpcf7-validates-as-required\" aria-required=\"true\" aria-invalid=\"false\" value=\"\" type=\"text\" name=\"nif-crianca\" \/><\/span>\n<\/p>\n<p><label> Institui\u00e7\u00e3o escolar:<\/label><br \/>\n<span class=\"wpcf7-form-control-wrap\" data-name=\"escola-crianca\"><input size=\"40\" maxlength=\"400\" class=\"wpcf7-form-control wpcf7-text wpcf7-validates-as-required\" aria-required=\"true\" aria-invalid=\"false\" value=\"\" type=\"text\" name=\"escola-crianca\" \/><\/span>\n<\/p>\n<p><label> Ano de frequ\u00eancia:<\/label><br \/>\n<span class=\"wpcf7-form-control-wrap\" data-name=\"ano-crianca\"><input size=\"40\" maxlength=\"400\" class=\"wpcf7-form-control wpcf7-text wpcf7-validates-as-required\" aria-required=\"true\" aria-invalid=\"false\" value=\"\" type=\"text\" name=\"ano-crianca\" \/><\/span>\n<\/p>\n<p><label> Professor:<\/label><br \/>\n<span class=\"wpcf7-form-control-wrap\" data-name=\"professor-crianca\"><input size=\"40\" maxlength=\"400\" class=\"wpcf7-form-control wpcf7-text wpcf7-validates-as-required\" aria-required=\"true\" aria-invalid=\"false\" value=\"\" type=\"text\" name=\"professor-crianca\" \/><\/span>\n<\/p>\n<p><label> Tem necessidades educativas espec\u00edficas:<\/label><br \/>\n<span class=\"wpcf7-form-control-wrap\" data-name=\"nee-crianca\"><input size=\"40\" maxlength=\"400\" class=\"wpcf7-form-control wpcf7-text wpcf7-validates-as-required\" aria-required=\"true\" aria-invalid=\"false\" value=\"\" type=\"text\" name=\"nee-crianca\" \/><\/span>\n<\/p>\n<p><label> Tem RTP:<\/label><br \/>\n<span class=\"wpcf7-form-control-wrap\" data-name=\"rtp-crianca\"><input size=\"40\" maxlength=\"400\" class=\"wpcf7-form-control wpcf7-text wpcf7-validates-as-required\" aria-required=\"true\" aria-invalid=\"false\" value=\"\" type=\"text\" name=\"rtp-crianca\" \/><\/span>\n<\/p>\n<p><label> Informa\u00e7\u00e3o relevante:<\/label><br \/>\n<span class=\"wpcf7-form-control-wrap\" data-name=\"informacao-crianca\"><textarea cols=\"40\" rows=\"10\" maxlength=\"2000\" class=\"wpcf7-form-control wpcf7-textarea\" aria-invalid=\"false\" name=\"informacao-crianca\"><\/textarea><\/span>\n<\/p>\n<p><label><\/label><br \/>\n<label><\/label><br \/>\n<label><strong> Dados do Encarregado de Educa\u00e7\u00e3o<\/strong><\/label><br \/>\n<label><\/label>\n<\/p>\n<p><label> Nome:<\/label><br \/>\n<span class=\"wpcf7-form-control-wrap\" data-name=\"nome-ee\"><input size=\"40\" maxlength=\"400\" class=\"wpcf7-form-control wpcf7-text wpcf7-validates-as-required\" aria-required=\"true\" aria-invalid=\"false\" value=\"\" type=\"text\" name=\"nome-ee\" \/><\/span>\n<\/p>\n<p><label> Grau de parentesco:<\/label><br \/>\n<span class=\"wpcf7-form-control-wrap\" data-name=\"grau-parentesco-ee\"><input size=\"40\" maxlength=\"400\" class=\"wpcf7-form-control wpcf7-text wpcf7-validates-as-required\" aria-required=\"true\" aria-invalid=\"false\" value=\"\" type=\"text\" name=\"grau-parentesco-ee\" \/><\/span>\n<\/p>\n<p><label> Contacto:<\/label><br \/>\n<span class=\"wpcf7-form-control-wrap\" data-name=\"contacto-ee\"><input size=\"40\" maxlength=\"400\" class=\"wpcf7-form-control wpcf7-text wpcf7-validates-as-required\" aria-required=\"true\" aria-invalid=\"false\" value=\"\" type=\"text\" name=\"contacto-ee\" \/><\/span>\n<\/p>\n<p><label> Contacto alternativo \/ Nome:<\/label><br \/>\n<span class=\"wpcf7-form-control-wrap\" data-name=\"contacto-alternativo-ee\"><input size=\"40\" maxlength=\"400\" class=\"wpcf7-form-control wpcf7-text wpcf7-validates-as-required\" aria-required=\"true\" aria-invalid=\"false\" value=\"\" type=\"text\" name=\"contacto-alternativo-ee\" \/><\/span>\n<\/p>\n<p><label> Email:<\/label><br \/>\n<span class=\"wpcf7-form-control-wrap\" data-name=\"email-ee\"><input size=\"40\" maxlength=\"400\" class=\"wpcf7-form-control wpcf7-email wpcf7-validates-as-required wpcf7-text wpcf7-validates-as-email\" aria-required=\"true\" aria-invalid=\"false\" value=\"\" type=\"email\" name=\"email-ee\" \/><\/span>\n<\/p>\n<p><label><\/label><br \/>\n<label><\/label><br \/>\n<label> Disponibilidade para a realiza\u00e7\u00e3o das Oficinas Montessori (selecionar todos os dias poss\u00edveis):<\/label><br \/>\n<span class=\"wpcf7-form-control-wrap\" data-name=\"oficinas\"><span class=\"wpcf7-form-control wpcf7-checkbox wpcf7-validates-as-required\"><span class=\"wpcf7-list-item first\"><label><input type=\"checkbox\" name=\"oficinas[]\" value=\"Segunda-feira\/ 15h30\" \/><span class=\"wpcf7-list-item-label\">Segunda-feira\/ 15h30<\/span><\/label><\/span><span class=\"wpcf7-list-item\"><label><input type=\"checkbox\" name=\"oficinas[]\" value=\"Segunda-feira\/ 17h00\" \/><span class=\"wpcf7-list-item-label\">Segunda-feira\/ 17h00<\/span><\/label><\/span><span class=\"wpcf7-list-item\"><label><input type=\"checkbox\" name=\"oficinas[]\" value=\"Ter\u00e7a-feira\/ 15h30\" \/><span class=\"wpcf7-list-item-label\">Ter\u00e7a-feira\/ 15h30<\/span><\/label><\/span><span class=\"wpcf7-list-item\"><label><input type=\"checkbox\" name=\"oficinas[]\" value=\"Ter\u00e7a-feira\/ 17h00\" \/><span class=\"wpcf7-list-item-label\">Ter\u00e7a-feira\/ 17h00<\/span><\/label><\/span><span class=\"wpcf7-list-item\"><label><input type=\"checkbox\" name=\"oficinas[]\" value=\"Quarta-feira\/ 15h30\" \/><span class=\"wpcf7-list-item-label\">Quarta-feira\/ 15h30<\/span><\/label><\/span><span class=\"wpcf7-list-item\"><label><input type=\"checkbox\" name=\"oficinas[]\" value=\"Quarta-feira\/ 17h00\" \/><span class=\"wpcf7-list-item-label\">Quarta-feira\/ 17h00<\/span><\/label><\/span><span class=\"wpcf7-list-item\"><label><input type=\"checkbox\" name=\"oficinas[]\" value=\"Quinta-feira\/ 15h30\" \/><span class=\"wpcf7-list-item-label\">Quinta-feira\/ 15h30<\/span><\/label><\/span><span class=\"wpcf7-list-item\"><label><input type=\"checkbox\" name=\"oficinas[]\" value=\"Quinta-feira\/ 17h00\" \/><span class=\"wpcf7-list-item-label\">Quinta-feira\/ 17h00<\/span><\/label><\/span><span class=\"wpcf7-list-item\"><label><input type=\"checkbox\" name=\"oficinas[]\" value=\"Sexta-feira\/ 15h30\" \/><span class=\"wpcf7-list-item-label\">Sexta-feira\/ 15h30<\/span><\/label><\/span><span class=\"wpcf7-list-item\"><label><input type=\"checkbox\" name=\"oficinas[]\" value=\"Sexta-feira\/ 17h00\" \/><span class=\"wpcf7-list-item-label\">Sexta-feira\/ 17h00<\/span><\/label><\/span><span class=\"wpcf7-list-item last\"><label><input type=\"checkbox\" name=\"oficinas[]\" value=\"S\u00e1bado de manh\u00e3\" \/><span class=\"wpcf7-list-item-label\">S\u00e1bado de manh\u00e3<\/span><\/label><\/span><\/span><\/span>\n<\/p>\n<p><label><\/label><br \/>\n<label><\/label><br \/>\n<label><strong> Interesse em participar nas atividades parentais<\/strong><\/label><br \/>\n<label><\/label>\n<\/p>\n<p><label> Tenho interesse em me inscrever na Forma\u00e7\u00e3o Parental, que acontecer\u00e1 ao s\u00e1bado de manh\u00e3, em data a determinar?<\/label><br \/>\n<span class=\"wpcf7-form-control-wrap\" data-name=\"formacao-parental\"><span class=\"wpcf7-form-control wpcf7-radio\"><span class=\"wpcf7-list-item first\"><label><input type=\"radio\" name=\"formacao-parental\" value=\"sim\" \/><span class=\"wpcf7-list-item-label\">sim<\/span><\/label><\/span><span class=\"wpcf7-list-item last\"><label><input type=\"radio\" name=\"formacao-parental\" value=\"n\u00e3o\" \/><span class=\"wpcf7-list-item-label\">n\u00e3o<\/span><\/label><\/span><\/span><\/span>\n<\/p>\n<p><label> Tenho interesse em participar das Oficinas Parentais (grupos de partilha), que acontecer\u00e3o ao s\u00e1bado de manh\u00e3, em data a determinar?<\/label><br \/>\n<span class=\"wpcf7-form-control-wrap\" data-name=\"oficina-parental\"><span class=\"wpcf7-form-control wpcf7-radio\"><span class=\"wpcf7-list-item first\"><label><input type=\"radio\" name=\"oficina-parental\" value=\"sim\" \/><span class=\"wpcf7-list-item-label\">sim<\/span><\/label><\/span><span class=\"wpcf7-list-item last\"><label><input type=\"radio\" name=\"oficina-parental\" value=\"n\u00e3o\" \/><span class=\"wpcf7-list-item-label\">n\u00e3o<\/span><\/label><\/span><\/span><\/span>\n<\/p>\n<p><label><\/label><br \/>\n<label><\/label><br \/>\n<label><strong> Prote\u00e7\u00e3o de dados<\/strong><\/label><br \/>\n<label><\/label>\n<\/p>\n<p><label> Autoriza a publica\u00e7\u00e3o de fotos nas nossas redes sociais e site com objetivo de divulgar a institui\u00e7\u00e3o?<\/label><br \/>\n<span class=\"wpcf7-form-control-wrap\" data-name=\"fotos\"><span class=\"wpcf7-form-control wpcf7-radio\"><span class=\"wpcf7-list-item first\"><label><input type=\"radio\" name=\"fotos\" value=\"sim\" \/><span class=\"wpcf7-list-item-label\">sim<\/span><\/label><\/span><span class=\"wpcf7-list-item\"><label><input type=\"radio\" name=\"fotos\" value=\"sim, desde que a crian\u00e7a n\u00e3o seja identificada\" \/><span class=\"wpcf7-list-item-label\">sim, desde que a crian\u00e7a n\u00e3o seja identificada<\/span><\/label><\/span><span class=\"wpcf7-list-item last\"><label><input type=\"radio\" name=\"fotos\" value=\"n\u00e3o\" \/><span class=\"wpcf7-list-item-label\">n\u00e3o<\/span><\/label><\/span><\/span><\/span>\n<\/p>\n<p><label><br \/>\nAo enviar esta ficha de inscri\u00e7\u00e3o, o encarregado de educa\u00e7\u00e3o da crian\u00e7a referida neste formul\u00e1rio de inscri\u00e7\u00e3o aceita de livre vontade participar no projeto Side by Side, promovido pelo Amor Pequenino com o apoio BPI Funda\u00e7\u00e3o \u201cla Caixa\u201d<br \/>\nOs dados pessoais e de sa\u00fade constantes nesta ficha de inscri\u00e7\u00e3o destinam-se exclusivamente \u00e0 realiza\u00e7\u00e3o de todos os procedimentos necess\u00e1rios de gest\u00e3o e organiza\u00e7\u00e3o do Amor Pequenino.\u00a0Os dados s\u00e3o confidenciais e utilizados para os fins a que se destinam. Ao tratamento dos dados constantes nesta ficha de inscri\u00e7\u00e3o s\u00e3o aplic\u00e1veis as novas disposi\u00e7\u00f5es previstas em sede de legisla\u00e7\u00e3o do Regulamento Geral da Prote\u00e7\u00e3o de Dados (RGPD).<\/label><br \/>\n<span class=\"wpcf7-form-control-wrap\" data-name=\"dados\"><span class=\"wpcf7-form-control wpcf7-checkbox wpcf7-validates-as-required\"><span class=\"wpcf7-list-item first last\"><input type=\"checkbox\" name=\"dados[]\" value=\"Aceito e concordo\" \/><span class=\"wpcf7-list-item-label\">Aceito e concordo<\/span><\/span><\/span><\/span>\n<\/p>\n<p><label><\/label><br \/>\n<label><\/label><br \/>\n<input class=\"wpcf7-form-control wpcf7-submit has-spinner\" type=\"submit\" value=\"Enviar\" \/>\n<\/p><div class=\"wpcf7-response-output\" aria-hidden=\"true\"><\/div>\n<\/form>\n<\/div>\n<\/div>[\/vc_column_inner][\/vc_row_inner][\/vc_column][\/vc_row]<\/p>\n","protected":false},"excerpt":{"rendered":"<p>[vc_row css=&#8221;.vc_custom_1616341631056{padding-top: 180px !important;padding-bottom: 60px !important;}&#8221;][vc_column offset=&#8221;vc_col-md-offset-1 vc_col-md-10&#8243;][vc_row_inner content_placement=&#8221;middle&#8221;][vc_column_inner offset=&#8221;vc_col-md-offset-1 vc_col-md-6&#8243;][\/vc_column_inner][vc_column_inner align=&#8221;text-left&#8221; offset=&#8221;vc_col-md-4 vc_hidden-sm vc_hidden-xs&#8221;&#8230;<\/p>\n","protected":false},"author":2,"featured_media":0,"parent":0,"menu_order":0,"comment_status":"closed","ping_status":"closed","template":"","meta":{"footnotes":""},"class_list":["post-4980","page","type-page","status-publish","hentry"],"_links":{"self":[{"href":"https:\/\/amor-pequenino.pt\/index.php\/wp-json\/wp\/v2\/pages\/4980","targetHints":{"allow":["GET"]}}],"collection":[{"href":"https:\/\/amor-pequenino.pt\/index.php\/wp-json\/wp\/v2\/pages"}],"about":[{"href":"https:\/\/amor-pequenino.pt\/index.php\/wp-json\/wp\/v2\/types\/page"}],"author":[{"embeddable":true,"href":"https:\/\/amor-pequenino.pt\/index.php\/wp-json\/wp\/v2\/users\/2"}],"replies":[{"embeddable":true,"href":"https:\/\/amor-pequenino.pt\/index.php\/wp-json\/wp\/v2\/comments?post=4980"}],"version-history":[{"count":2,"href":"https:\/\/amor-pequenino.pt\/index.php\/wp-json\/wp\/v2\/pages\/4980\/revisions"}],"predecessor-version":[{"id":4994,"href":"https:\/\/amor-pequenino.pt\/index.php\/wp-json\/wp\/v2\/pages\/4980\/revisions\/4994"}],"wp:attachment":[{"href":"https:\/\/amor-pequenino.pt\/index.php\/wp-json\/wp\/v2\/media?parent=4980"}],"curies":[{"name":"wp","href":"https:\/\/api.w.org\/{rel}","templated":true}]}}